{"id":2325,"date":"2021-10-12T14:31:33","date_gmt":"2021-10-12T12:31:33","guid":{"rendered":"https:\/\/www.frauennotruf-salzburg.at\/fortbildung-und-workshops\/"},"modified":"2021-10-12T14:31:33","modified_gmt":"2021-10-12T12:31:33","slug":"fortbildung-und-workshops","status":"publish","type":"page","link":"https:\/\/www.frauennotruf-salzburg.at\/de_LS\/hilfe\/fortbildung-und-workshops\/","title":{"rendered":"Fortbildung und Workshops"},"content":{"rendered":"[vc_row type=&#8221;full_width_background&#8221; full_screen_row_position=&#8221;middle&#8221; column_margin=&#8221;default&#8221; equal_height=&#8221;yes&#8221; content_placement=&#8221;middle&#8221; column_direction=&#8221;default&#8221; column_direction_tablet=&#8221;default&#8221; column_direction_phone=&#8221;default&#8221; bg_color=&#8221;rgba(124,203,183,0.38)&#8221; scene_position=&#8221;center&#8221; top_padding=&#8221;7%&#8221; text_color=&#8221;dark&#8221; text_align=&#8221;left&#8221; row_border_radius=&#8221;none&#8221; row_border_radius_applies=&#8221;bg&#8221; overlay_strength=&#8221;1&#8243; gradient_direction=&#8221;top_to_bottom&#8221; shape_divider_color=&#8221;#f4f4f4&#8243; shape_divider_position=&#8221;bottom&#8221; shape_divider_height=&#8221;40%&#8221; bg_image_animation=&#8221;none&#8221; shape_type=&#8221;curve_opacity&#8221;][vc_column column_padding=&#8221;no-extra-padding&#8221; column_padding_tablet=&#8221;inherit&#8221; column_padding_phone=&#8221;inherit&#8221; column_padding_position=&#8221;right&#8221; column_element_spacing=&#8221;default&#8221; background_color_opacity=&#8221;1&#8243; background_hover_color_opacity=&#8221;1&#8243; column_shadow=&#8221;none&#8221; column_border_radius=&#8221;none&#8221; column_link_target=&#8221;_self&#8221; gradient_direction=&#8221;left_to_right&#8221; overlay_strength=&#8221;0.3&#8243; width=&#8221;3\/4&#8243; tablet_width_inherit=&#8221;default&#8221; tablet_text_alignment=&#8221;default&#8221; phone_text_alignment=&#8221;default&#8221; bg_image_animation=&#8221;none&#8221; border_type=&#8221;simple&#8221; column_border_width=&#8221;none&#8221; column_border_style=&#8221;solid&#8221;][vc_row_inner column_margin=&#8221;20px&#8221; column_direction=&#8221;default&#8221; column_direction_tablet=&#8221;default&#8221; column_direction_phone=&#8221;default&#8221; text_align=&#8221;left&#8221;][vc_column_inner column_padding=&#8221;no-extra-padding&#8221; column_padding_tablet=&#8221;inherit&#8221; column_padding_phone=&#8221;inherit&#8221; column_padding_position=&#8221;all&#8221; column_element_spacing=&#8221;default&#8221; background_color_opacity=&#8221;1&#8243; background_hover_color_opacity=&#8221;1&#8243; column_shadow=&#8221;none&#8221; column_border_radius=&#8221;none&#8221; column_link_target=&#8221;_self&#8221; gradient_direction=&#8221;left_to_right&#8221; overlay_strength=&#8221;0.3&#8243; width=&#8221;1\/1&#8243; tablet_width_inherit=&#8221;default&#8221; bg_image_animation=&#8221;none&#8221; border_type=&#8221;simple&#8221; column_border_width=&#8221;none&#8221; column_border_style=&#8221;solid&#8221;][vc_column_text]\n<h1>Fortbildung und Workshops<\/h1>\n[\/vc_column_text][\/vc_column_inner][\/vc_row_inner][divider line_type=&#8221;No Line&#8221; custom_height=&#8221;40&#8243;][vc_column_text]\n<ul>\n<li>Wir arbeiten geschlechtsspezifisch, um M\u00e4dchen* und Frauen* einen gesch\u00fctzten Rahmen zu bieten und die Solidarit\u00e4t unter Frauen* zu f\u00f6rdern.<\/li>\n<li>Wir arbeiten solidarisch, d.h. wir stellen uns auf die Seite von M\u00e4dchen* und Frauen*, die von sexueller Gewalt bedroht oder betroffen sind und ihren Anliegen.<\/li>\n<li>Wir gehen davon aus, dass in jeder Gruppe betroffene M\u00e4dchen* und Frauen* anwesend sind. Aus diesem Grund halten wir Workshops grunds\u00e4tzlich nur zu zweit ab, bzw. muss eine Vertrauensperson in der N\u00e4he sein.<\/li>\n<li>Wir arbeiten st\u00e4rkend, d.h. wir setzen bei den F\u00e4higkeiten und St\u00e4rken sowie den Bed\u00fcrfnissen der Teilnehmerinnen an. Die Teilnahme an einem Pr\u00e4ventionsangebot soll freiwillig sein. Jede Frau* entscheidet f\u00fcr sich, ob sie sich in ihrer derzeitigen Lebenssituation mit dem Thema besch\u00e4ftigen m\u00f6chte.<\/li>\n<li>Auch in den Workshops gilt f\u00fcr uns eine Verschwiegenheitspflicht.<\/li>\n<\/ul>\n[\/vc_column_text][divider line_type=&#8221;No Line&#8221; custom_height=&#8221;40&#8243;][\/vc_column][vc_column column_padding=&#8221;no-extra-padding&#8221; column_padding_tablet=&#8221;inherit&#8221; column_padding_phone=&#8221;inherit&#8221; column_padding_position=&#8221;all&#8221; column_element_spacing=&#8221;default&#8221; background_color_opacity=&#8221;1&#8243; background_hover_color_opacity=&#8221;1&#8243; column_shadow=&#8221;none&#8221; column_border_radius=&#8221;none&#8221; column_link_target=&#8221;_self&#8221; gradient_direction=&#8221;left_to_right&#8221; overlay_strength=&#8221;0.3&#8243; width=&#8221;1\/4&#8243; tablet_width_inherit=&#8221;default&#8221; tablet_text_alignment=&#8221;default&#8221; phone_text_alignment=&#8221;default&#8221; bg_image_animation=&#8221;none&#8221; border_type=&#8221;simple&#8221; column_border_width=&#8221;none&#8221; column_border_style=&#8221;solid&#8221;][vc_row_inner column_margin=&#8221;20px&#8221; column_direction=&#8221;default&#8221; column_direction_tablet=&#8221;default&#8221; column_direction_phone=&#8221;default&#8221; text_align=&#8221;left&#8221;][vc_column_inner column_padding=&#8221;no-extra-padding&#8221; column_padding_tablet=&#8221;inherit&#8221; column_padding_phone=&#8221;inherit&#8221; column_padding_position=&#8221;all&#8221; top_margin=&#8221;-5%&#8221; column_element_spacing=&#8221;default&#8221; background_color_opacity=&#8221;1&#8243; background_hover_color_opacity=&#8221;1&#8243; column_shadow=&#8221;none&#8221; column_border_radius=&#8221;none&#8221; column_link_target=&#8221;_self&#8221; gradient_direction=&#8221;left_to_right&#8221; overlay_strength=&#8221;0.3&#8243; width=&#8221;1\/1&#8243; tablet_width_inherit=&#8221;default&#8221; bg_image_animation=&#8221;none&#8221; border_type=&#8221;simple&#8221; column_border_width=&#8221;none&#8221; column_border_style=&#8221;solid&#8221;][image_with_animation image_url=&#8221;1204&#8243; animation=&#8221;None&#8221; hover_animation=&#8221;none&#8221; alignment=&#8221;&#8221; border_radius=&#8221;none&#8221; box_shadow=&#8221;none&#8221; image_loading=&#8221;default&#8221; max_width=&#8221;100%&#8221; max_width_mobile=&#8221;default&#8221;][divider line_type=&#8221;No Line&#8221; custom_height=&#8221;6&#8243;][image_with_animation image_url=&#8221;1201&#8243; animation=&#8221;None&#8221; hover_animation=&#8221;none&#8221; alignment=&#8221;&#8221; border_radius=&#8221;none&#8221; box_shadow=&#8221;none&#8221; image_loading=&#8221;default&#8221; max_width=&#8221;100%&#8221; max_width_mobile=&#8221;default&#8221;][\/vc_column_inner][\/vc_row_inner][\/vc_column][\/vc_row][vc_row type=&#8221;full_width_background&#8221; full_screen_row_position=&#8221;middle&#8221; column_margin=&#8221;default&#8221; equal_height=&#8221;yes&#8221; content_placement=&#8221;middle&#8221; column_direction=&#8221;default&#8221; column_direction_tablet=&#8221;default&#8221; column_direction_phone=&#8221;default&#8221; bg_color=&#8221;rgba(124,203,183,0.38)&#8221; scene_position=&#8221;center&#8221; bottom_padding=&#8221;5%&#8221; text_color=&#8221;dark&#8221; text_align=&#8221;left&#8221; row_border_radius=&#8221;none&#8221; row_border_radius_applies=&#8221;bg&#8221; overlay_strength=&#8221;1&#8243; gradient_direction=&#8221;top_to_bottom&#8221; shape_divider_color=&#8221;#f4f4f4&#8243; shape_divider_position=&#8221;bottom&#8221; shape_divider_height=&#8221;40%&#8221; bg_image_animation=&#8221;none&#8221; shape_type=&#8221;curve_opacity&#8221;][vc_column column_padding=&#8221;no-extra-padding&#8221; column_padding_tablet=&#8221;inherit&#8221; column_padding_phone=&#8221;inherit&#8221; column_padding_position=&#8221;right&#8221; column_element_spacing=&#8221;default&#8221; background_color_opacity=&#8221;1&#8243; background_hover_color_opacity=&#8221;1&#8243; column_shadow=&#8221;none&#8221; column_border_radius=&#8221;none&#8221; column_link_target=&#8221;_self&#8221; gradient_direction=&#8221;left_to_right&#8221; overlay_strength=&#8221;0.3&#8243; width=&#8221;1\/1&#8243; tablet_width_inherit=&#8221;default&#8221; tablet_text_alignment=&#8221;default&#8221; phone_text_alignment=&#8221;default&#8221; bg_image_animation=&#8221;none&#8221; border_type=&#8221;simple&#8221; column_border_width=&#8221;none&#8221; column_border_style=&#8221;solid&#8221;][vc_column_text]\n<h2>Informationsworkshops f\u00fcr M\u00e4dchen und Frauen:<\/h2>\n<p>F\u00fcr bestehende M\u00e4dchen*- und Frauen*gruppen bieten wir Informationsworkshops, in denen ein Basiswissen zum Thema sexualisierte Gewalt vermittelt werden soll. Die Teilnehmerinnen* haben Raum f\u00fcr Fragen und Austausch wird erm\u00f6glicht.<\/p>\n<p>&nbsp;<\/p>\n<h2>Workshops und Informationsveranstaltungen:<\/h2>\n<p>Sexualisierte Gewalt ist ein gesellschaftliches Problem, das unter M\u00e4dchen* und Frauen* ein hohes Ausma\u00df an Betroffenheit aufweist. Die psychosozialen Folgeerscheinungen sind vielschichtig und in den meisten F\u00e4llen schwerwiegend.<\/p>\n<p>Der Frauennotruf bietet zu diesem Themenbereich\u00a0<strong>Kurzfortbildungen<\/strong>\u00a0f\u00fcr MultiplikatorInnen unterschiedlichster Berufsgruppen an. In Abstimmung auf die jeweiligen Arbeitszusammenh\u00e4nge, wird ein Grundlagenwissen zum Thema sexualisierte Gewalt an die Hand gegeben, das als Basis f\u00fcr einen sicheren und kompetenten Umgang mit Betroffenen dienen soll.<\/p>\n<p>&nbsp;<\/p>\n<h2>Workshop f\u00fcr Jugendliche ab 14 Jahren<\/h2>\n<p>Sexualisierte Gewalt ist in den allermeisten F\u00e4llen Bestandteil jugendlicher Lebenswelten. Leider wird diese h\u00e4ufig bagatellisiert oder nicht als Gewalt sondern als Normalit\u00e4t wahrgenommen. Erfahren Jugendliche sexualisierte Gewalt bewusst, stehen sie dieser h\u00e4ufig ohne Handlungsoptionen gegen\u00fcber, egal ob als Betroffene oder Aus\u00fcbende. Hier m\u00f6chte dieser Workshop ansetzen. Ausgehend von der Auseinandersetzung mit Grenzen und Sexualit\u00e4t bzw. sexualisierter Gewalt, steht das Erarbeiten von Handlungsf\u00e4higkeit im Umgang mit sexualisierter Gewalt im Mittelpunkt.[\/vc_column_text][\/vc_column][\/vc_row][vc_row type=&#8221;in_container&#8221; full_screen_row_position=&#8221;middle&#8221; column_margin=&#8221;default&#8221; column_direction=&#8221;default&#8221; column_direction_tablet=&#8221;default&#8221; column_direction_phone=&#8221;default&#8221; scene_position=&#8221;center&#8221; text_color=&#8221;dark&#8221; text_align=&#8221;left&#8221; row_border_radius=&#8221;none&#8221; row_border_radius_applies=&#8221;bg&#8221; overlay_strength=&#8221;0.3&#8243; gradient_direction=&#8221;left_to_right&#8221; shape_divider_position=&#8221;bottom&#8221; bg_image_animation=&#8221;none&#8221;][vc_column column_padding=&#8221;no-extra-padding&#8221; column_padding_tablet=&#8221;inherit&#8221; column_padding_phone=&#8221;inherit&#8221; column_padding_position=&#8221;all&#8221; column_element_spacing=&#8221;default&#8221; background_color_opacity=&#8221;1&#8243; background_hover_color_opacity=&#8221;1&#8243; column_shadow=&#8221;none&#8221; column_border_radius=&#8221;none&#8221; column_link_target=&#8221;_self&#8221; gradient_direction=&#8221;left_to_right&#8221; overlay_strength=&#8221;0.3&#8243; width=&#8221;1\/1&#8243; tablet_width_inherit=&#8221;default&#8221; tablet_text_alignment=&#8221;default&#8221; phone_text_alignment=&#8221;default&#8221; bg_image_animation=&#8221;none&#8221; border_type=&#8221;simple&#8221; column_border_width=&#8221;none&#8221; column_border_style=&#8221;solid&#8221;][nectar_global_section id=&#8221;917&#8243;][\/vc_column][\/vc_row][vc_row type=&#8221;in_container&#8221; full_screen_row_position=&#8221;middle&#8221; column_margin=&#8221;default&#8221; column_direction=&#8221;default&#8221; column_direction_tablet=&#8221;default&#8221; column_direction_phone=&#8221;default&#8221; scene_position=&#8221;center&#8221; text_color=&#8221;dark&#8221; text_align=&#8221;left&#8221; row_border_radius=&#8221;none&#8221; row_border_radius_applies=&#8221;bg&#8221; overlay_strength=&#8221;0.3&#8243; gradient_direction=&#8221;left_to_right&#8221; shape_divider_position=&#8221;bottom&#8221; bg_image_animation=&#8221;none&#8221;][vc_column column_padding=&#8221;no-extra-padding&#8221; column_padding_tablet=&#8221;inherit&#8221; column_padding_phone=&#8221;inherit&#8221; column_padding_position=&#8221;all&#8221; column_element_spacing=&#8221;default&#8221; background_color_opacity=&#8221;1&#8243; background_hover_color_opacity=&#8221;1&#8243; column_shadow=&#8221;none&#8221; column_border_radius=&#8221;none&#8221; column_link_target=&#8221;_self&#8221; gradient_direction=&#8221;left_to_right&#8221; overlay_strength=&#8221;0.3&#8243; width=&#8221;1\/1&#8243; tablet_width_inherit=&#8221;default&#8221; tablet_text_alignment=&#8221;default&#8221; phone_text_alignment=&#8221;default&#8221; bg_image_animation=&#8221;none&#8221; border_type=&#8221;simple&#8221; column_border_width=&#8221;none&#8221; column_border_style=&#8221;solid&#8221;][\/vc_column][\/vc_row]\n","protected":false},"excerpt":{"rendered":"<p>[vc_row type=&#8221;full_width_background&#8221; full_screen_row_position=&#8221;middle&#8221; column_margin=&#8221;default&#8221; equal_height=&#8221;yes&#8221; content_placement=&#8221;middle&#8221; column_direction=&#8221;default&#8221; column_direction_tablet=&#8221;default&#8221; column_direction_phone=&#8221;default&#8221; bg_color=&#8221;rgba(124,203,183,0.38)&#8221; scene_position=&#8221;center&#8221; top_padding=&#8221;7%&#8221; text_color=&#8221;dark&#8221; text_align=&#8221;left&#8221; row_border_radius=&#8221;none&#8221; row_border_radius_applies=&#8221;bg&#8221; overlay_strength=&#8221;1&#8243; gradient_direction=&#8221;top_to_bottom&#8221; shape_divider_color=&#8221;#f4f4f4&#8243; shape_divider_position=&#8221;bottom&#8221;&#8230;<\/p>\n","protected":false},"author":1,"featured_media":0,"parent":2346,"menu_order":0,"comment_status":"closed","ping_status":"closed","template":"","meta":{"inline_featured_image":false,"footnotes":""},"class_list":["post-2325","page","type-page","status-publish"],"yoast_head":"<!-- This site is optimized with the Yoast SEO plugin v27.5 - https:\/\/yoast.com\/product\/yoast-seo-wordpress\/ -->\n<title>Fortbildung und Workshops - Frauenberatungsstelle und Frauennotruf Salzburg<\/title>\n<meta name=\"robots\" content=\"index, follow, max-snippet:-1, max-image-preview:large, max-video-preview:-1\" \/>\n<link rel=\"canonical\" href=\"https:\/\/www.frauennotruf-salzburg.at\/de_LS\/hilfe\/fortbildung-und-workshops\/\" \/>\n<meta property=\"og:locale\" content=\"de_DE\" \/>\n<meta property=\"og:type\" content=\"article\" \/>\n<meta property=\"og:title\" content=\"Fortbildung und Workshops - Frauenberatungsstelle und Frauennotruf Salzburg\" \/>\n<meta property=\"og:description\" content=\"[vc_row type=&#8221;full_width_background&#8221; full_screen_row_position=&#8221;middle&#8221; column_margin=&#8221;default&#8221; equal_height=&#8221;yes&#8221; content_placement=&#8221;middle&#8221; column_direction=&#8221;default&#8221; column_direction_tablet=&#8221;default&#8221; column_direction_phone=&#8221;default&#8221; bg_color=&#8221;rgba(124,203,183,0.38)&#8221; scene_position=&#8221;center&#8221; top_padding=&#8221;7%&#8221; text_color=&#8221;dark&#8221; text_align=&#8221;left&#8221; row_border_radius=&#8221;none&#8221; row_border_radius_applies=&#8221;bg&#8221; overlay_strength=&#8221;1&#8243; gradient_direction=&#8221;top_to_bottom&#8221; shape_divider_color=&#8221;#f4f4f4&#8243; shape_divider_position=&#8221;bottom&#8221;...\" \/>\n<meta property=\"og:url\" content=\"https:\/\/www.frauennotruf-salzburg.at\/de_LS\/hilfe\/fortbildung-und-workshops\/\" \/>\n<meta property=\"og:site_name\" content=\"Frauenberatungsstelle und Frauennotruf Salzburg\" \/>\n<meta name=\"twitter:card\" content=\"summary_large_image\" \/>\n<meta name=\"twitter:label1\" content=\"Est. reading time\" \/>\n\t<meta name=\"twitter:data1\" content=\"7 minutes\" \/>\n<script type=\"application\/ld+json\" class=\"yoast-schema-graph\">{\"@context\":\"https:\\\/\\\/schema.org\",\"@graph\":[{\"@type\":\"WebPage\",\"@id\":\"https:\\\/\\\/www.frauennotruf-salzburg.at\\\/de_LS\\\/hilfe\\\/fortbildung-und-workshops\\\/\",\"url\":\"https:\\\/\\\/www.frauennotruf-salzburg.at\\\/de_LS\\\/hilfe\\\/fortbildung-und-workshops\\\/\",\"name\":\"Fortbildung und Workshops - Frauenberatungsstelle und Frauennotruf Salzburg\",\"isPartOf\":{\"@id\":\"https:\\\/\\\/www.frauennotruf-salzburg.at\\\/de_LS\\\/#website\"},\"datePublished\":\"2021-10-12T12:31:33+00:00\",\"breadcrumb\":{\"@id\":\"https:\\\/\\\/www.frauennotruf-salzburg.at\\\/de_LS\\\/hilfe\\\/fortbildung-und-workshops\\\/#breadcrumb\"},\"inLanguage\":\"de-LS\",\"potentialAction\":[{\"@type\":\"ReadAction\",\"target\":[\"https:\\\/\\\/www.frauennotruf-salzburg.at\\\/de_LS\\\/hilfe\\\/fortbildung-und-workshops\\\/\"]}]},{\"@type\":\"BreadcrumbList\",\"@id\":\"https:\\\/\\\/www.frauennotruf-salzburg.at\\\/de_LS\\\/hilfe\\\/fortbildung-und-workshops\\\/#breadcrumb\",\"itemListElement\":[{\"@type\":\"ListItem\",\"position\":1,\"name\":\"Startseite\",\"item\":\"https:\\\/\\\/www.frauennotruf-salzburg.at\\\/de_LS\\\/\"},{\"@type\":\"ListItem\",\"position\":2,\"name\":\"Fortbildung und Workshops\"}]},{\"@type\":\"WebSite\",\"@id\":\"https:\\\/\\\/www.frauennotruf-salzburg.at\\\/de_LS\\\/#website\",\"url\":\"https:\\\/\\\/www.frauennotruf-salzburg.at\\\/de_LS\\\/\",\"name\":\"Frauenberatungsstelle und Frauennotruf Salzburg\",\"description\":\"Beratung bei sexueller Gewalt und Missbrauch\",\"publisher\":{\"@id\":\"https:\\\/\\\/www.frauennotruf-salzburg.at\\\/de_LS\\\/#organization\"},\"potentialAction\":[{\"@type\":\"SearchAction\",\"target\":{\"@type\":\"EntryPoint\",\"urlTemplate\":\"https:\\\/\\\/www.frauennotruf-salzburg.at\\\/de_LS\\\/?s={search_term_string}\"},\"query-input\":{\"@type\":\"PropertyValueSpecification\",\"valueRequired\":true,\"valueName\":\"search_term_string\"}}],\"inLanguage\":\"de-LS\"},{\"@type\":\"Organization\",\"@id\":\"https:\\\/\\\/www.frauennotruf-salzburg.at\\\/de_LS\\\/#organization\",\"name\":\"Frauenberatungsstelle und Frauennotruf Salzburg\",\"url\":\"https:\\\/\\\/www.frauennotruf-salzburg.at\\\/de_LS\\\/\",\"logo\":{\"@type\":\"ImageObject\",\"inLanguage\":\"de-LS\",\"@id\":\"https:\\\/\\\/www.frauennotruf-salzburg.at\\\/de_LS\\\/#\\\/schema\\\/logo\\\/image\\\/\",\"url\":\"https:\\\/\\\/www.frauennotruf-salzburg.at\\\/wp-content\\\/uploads\\\/2022\\\/10\\\/FBS_Logo.svg\",\"contentUrl\":\"https:\\\/\\\/www.frauennotruf-salzburg.at\\\/wp-content\\\/uploads\\\/2022\\\/10\\\/FBS_Logo.svg\",\"width\":\"1024\",\"height\":\"1024\",\"caption\":\"Frauenberatungsstelle und Frauennotruf Salzburg\"},\"image\":{\"@id\":\"https:\\\/\\\/www.frauennotruf-salzburg.at\\\/de_LS\\\/#\\\/schema\\\/logo\\\/image\\\/\"}}]}<\/script>\n<!-- \/ Yoast SEO plugin. -->","yoast_head_json":{"title":"Fortbildung und Workshops - Frauenberatungsstelle und Frauennotruf Salzburg","robots":{"index":"index","follow":"follow","max-snippet":"max-snippet:-1","max-image-preview":"max-image-preview:large","max-video-preview":"max-video-preview:-1"},"canonical":"https:\/\/www.frauennotruf-salzburg.at\/de_LS\/hilfe\/fortbildung-und-workshops\/","og_locale":"de_DE","og_type":"article","og_title":"Fortbildung und Workshops - Frauenberatungsstelle und Frauennotruf Salzburg","og_description":"[vc_row type=&#8221;full_width_background&#8221; full_screen_row_position=&#8221;middle&#8221; column_margin=&#8221;default&#8221; equal_height=&#8221;yes&#8221; content_placement=&#8221;middle&#8221; column_direction=&#8221;default&#8221; column_direction_tablet=&#8221;default&#8221; column_direction_phone=&#8221;default&#8221; bg_color=&#8221;rgba(124,203,183,0.38)&#8221; scene_position=&#8221;center&#8221; top_padding=&#8221;7%&#8221; text_color=&#8221;dark&#8221; text_align=&#8221;left&#8221; row_border_radius=&#8221;none&#8221; row_border_radius_applies=&#8221;bg&#8221; overlay_strength=&#8221;1&#8243; gradient_direction=&#8221;top_to_bottom&#8221; shape_divider_color=&#8221;#f4f4f4&#8243; shape_divider_position=&#8221;bottom&#8221;...","og_url":"https:\/\/www.frauennotruf-salzburg.at\/de_LS\/hilfe\/fortbildung-und-workshops\/","og_site_name":"Frauenberatungsstelle und Frauennotruf Salzburg","twitter_card":"summary_large_image","twitter_misc":{"Est. reading time":"7 minutes"},"schema":{"@context":"https:\/\/schema.org","@graph":[{"@type":"WebPage","@id":"https:\/\/www.frauennotruf-salzburg.at\/de_LS\/hilfe\/fortbildung-und-workshops\/","url":"https:\/\/www.frauennotruf-salzburg.at\/de_LS\/hilfe\/fortbildung-und-workshops\/","name":"Fortbildung und Workshops - Frauenberatungsstelle und Frauennotruf Salzburg","isPartOf":{"@id":"https:\/\/www.frauennotruf-salzburg.at\/de_LS\/#website"},"datePublished":"2021-10-12T12:31:33+00:00","breadcrumb":{"@id":"https:\/\/www.frauennotruf-salzburg.at\/de_LS\/hilfe\/fortbildung-und-workshops\/#breadcrumb"},"inLanguage":"de-LS","potentialAction":[{"@type":"ReadAction","target":["https:\/\/www.frauennotruf-salzburg.at\/de_LS\/hilfe\/fortbildung-und-workshops\/"]}]},{"@type":"BreadcrumbList","@id":"https:\/\/www.frauennotruf-salzburg.at\/de_LS\/hilfe\/fortbildung-und-workshops\/#breadcrumb","itemListElement":[{"@type":"ListItem","position":1,"name":"Startseite","item":"https:\/\/www.frauennotruf-salzburg.at\/de_LS\/"},{"@type":"ListItem","position":2,"name":"Fortbildung und Workshops"}]},{"@type":"WebSite","@id":"https:\/\/www.frauennotruf-salzburg.at\/de_LS\/#website","url":"https:\/\/www.frauennotruf-salzburg.at\/de_LS\/","name":"Frauenberatungsstelle und Frauennotruf Salzburg","description":"Beratung bei sexueller Gewalt und Missbrauch","publisher":{"@id":"https:\/\/www.frauennotruf-salzburg.at\/de_LS\/#organization"},"potentialAction":[{"@type":"SearchAction","target":{"@type":"EntryPoint","urlTemplate":"https:\/\/www.frauennotruf-salzburg.at\/de_LS\/?s={search_term_string}"},"query-input":{"@type":"PropertyValueSpecification","valueRequired":true,"valueName":"search_term_string"}}],"inLanguage":"de-LS"},{"@type":"Organization","@id":"https:\/\/www.frauennotruf-salzburg.at\/de_LS\/#organization","name":"Frauenberatungsstelle und Frauennotruf Salzburg","url":"https:\/\/www.frauennotruf-salzburg.at\/de_LS\/","logo":{"@type":"ImageObject","inLanguage":"de-LS","@id":"https:\/\/www.frauennotruf-salzburg.at\/de_LS\/#\/schema\/logo\/image\/","url":"https:\/\/www.frauennotruf-salzburg.at\/wp-content\/uploads\/2022\/10\/FBS_Logo.svg","contentUrl":"https:\/\/www.frauennotruf-salzburg.at\/wp-content\/uploads\/2022\/10\/FBS_Logo.svg","width":"1024","height":"1024","caption":"Frauenberatungsstelle und Frauennotruf Salzburg"},"image":{"@id":"https:\/\/www.frauennotruf-salzburg.at\/de_LS\/#\/schema\/logo\/image\/"}}]}},"_links":{"self":[{"href":"https:\/\/www.frauennotruf-salzburg.at\/de_LS\/wp-json\/wp\/v2\/pages\/2325","targetHints":{"allow":["GET"]}}],"collection":[{"href":"https:\/\/www.frauennotruf-salzburg.at\/de_LS\/wp-json\/wp\/v2\/pages"}],"about":[{"href":"https:\/\/www.frauennotruf-salzburg.at\/de_LS\/wp-json\/wp\/v2\/types\/page"}],"author":[{"embeddable":true,"href":"https:\/\/www.frauennotruf-salzburg.at\/de_LS\/wp-json\/wp\/v2\/users\/1"}],"replies":[{"embeddable":true,"href":"https:\/\/www.frauennotruf-salzburg.at\/de_LS\/wp-json\/wp\/v2\/comments?post=2325"}],"version-history":[{"count":0,"href":"https:\/\/www.frauennotruf-salzburg.at\/de_LS\/wp-json\/wp\/v2\/pages\/2325\/revisions"}],"up":[{"embeddable":true,"href":"https:\/\/www.frauennotruf-salzburg.at\/de_LS\/wp-json\/wp\/v2\/pages\/2346"}],"wp:attachment":[{"href":"https:\/\/www.frauennotruf-salzburg.at\/de_LS\/wp-json\/wp\/v2\/media?parent=2325"}],"curies":[{"name":"wp","href":"https:\/\/api.w.org\/{rel}","templated":true}]}}