{"id":2368,"date":"2021-02-10T16:33:28","date_gmt":"2021-02-10T15:33:28","guid":{"rendered":"https:\/\/www.frauennotruf-salzburg.at\/info\/sexualisierte-gewalt\/erste-hilfe\/"},"modified":"2021-02-10T16:33:28","modified_gmt":"2021-02-10T15:33:28","slug":"erste-hilfe","status":"publish","type":"page","link":"https:\/\/www.frauennotruf-salzburg.at\/de_LS\/info\/sexualisierte-gewalt\/erste-hilfe\/","title":{"rendered":"Allgemein"},"content":{"rendered":"[vc_row type=&#8221;full_width_background&#8221; full_screen_row_position=&#8221;middle&#8221; column_margin=&#8221;default&#8221; equal_height=&#8221;yes&#8221; content_placement=&#8221;middle&#8221; column_direction=&#8221;default&#8221; column_direction_tablet=&#8221;default&#8221; column_direction_phone=&#8221;default&#8221; bg_color=&#8221;rgba(124,203,183,0.38)&#8221; scene_position=&#8221;center&#8221; top_padding=&#8221;7%&#8221; bottom_padding=&#8221;5%&#8221; text_color=&#8221;dark&#8221; text_align=&#8221;left&#8221; row_border_radius=&#8221;none&#8221; row_border_radius_applies=&#8221;bg&#8221; id=&#8221;amenities&#8221; overlay_strength=&#8221;1&#8243; gradient_direction=&#8221;top_to_bottom&#8221; shape_divider_color=&#8221;#f4f4f4&#8243; shape_divider_position=&#8221;bottom&#8221; shape_divider_height=&#8221;40%&#8221; bg_image_animation=&#8221;none&#8221; shape_type=&#8221;curve_opacity&#8221;][vc_column column_padding=&#8221;no-extra-padding&#8221; column_padding_tablet=&#8221;inherit&#8221; column_padding_phone=&#8221;inherit&#8221; column_padding_position=&#8221;right&#8221; column_element_spacing=&#8221;default&#8221; background_color_opacity=&#8221;1&#8243; background_hover_color_opacity=&#8221;1&#8243; column_shadow=&#8221;none&#8221; column_border_radius=&#8221;none&#8221; column_link_target=&#8221;_self&#8221; gradient_direction=&#8221;left_to_right&#8221; overlay_strength=&#8221;0.3&#8243; width=&#8221;1\/1&#8243; tablet_width_inherit=&#8221;default&#8221; tablet_text_alignment=&#8221;default&#8221; phone_text_alignment=&#8221;default&#8221; bg_image_animation=&#8221;none&#8221; border_type=&#8221;simple&#8221; column_border_width=&#8221;none&#8221; column_border_style=&#8221;solid&#8221;][vc_row_inner column_margin=&#8221;20px&#8221; column_direction=&#8221;default&#8221; column_direction_tablet=&#8221;default&#8221; column_direction_phone=&#8221;default&#8221; text_align=&#8221;left&#8221;][vc_column_inner column_padding=&#8221;no-extra-padding&#8221; column_padding_tablet=&#8221;inherit&#8221; column_padding_phone=&#8221;inherit&#8221; column_padding_position=&#8221;all&#8221; column_element_spacing=&#8221;default&#8221; background_color_opacity=&#8221;1&#8243; background_hover_color_opacity=&#8221;1&#8243; column_shadow=&#8221;none&#8221; column_border_radius=&#8221;none&#8221; column_link_target=&#8221;_self&#8221; gradient_direction=&#8221;left_to_right&#8221; overlay_strength=&#8221;0.3&#8243; width=&#8221;1\/1&#8243; tablet_width_inherit=&#8221;default&#8221; bg_image_animation=&#8221;none&#8221; border_type=&#8221;simple&#8221; column_border_width=&#8221;none&#8221; column_border_style=&#8221;solid&#8221;][vc_column_text]\n<h1>Allgemein<\/h1>\n[\/vc_column_text][\/vc_column_inner][\/vc_row_inner][vc_column_text]Sexualisierte Gewalt gegen M\u00e4dchen und Frauen ist ein gesellschaftliches Problem.<\/p>\n<p>Sie tritt in vielf\u00e4ltiger Weise und in unterschiedlichsten Formen und verschiedensten Kontexten auf. Sie reduziert sich nicht nur auf strafrechtlich definierte Tatbest\u00e4nde wie Vergewaltigung (in der Ehe), sexuellen Missbrauch in der Kindheit, sexuelle N\u00f6tigung und sexuelle Bel\u00e4stigung. Sexualisierte Gewalt beginnt dort, wo M\u00e4dchen und Frauen mit der latenten Bedrohung von sexualisierter Gewalt und sexistischen Rollenklischees konfrontiert sind.<\/p>\n<p>Nicht zuletzt aufgrund der gravierenden psychischen, gesundheitlichen und sozialen Folgen stellt sexualisierte Gewalt gegen Frauen und M\u00e4dchen ein bedeutendes gesellschaftliches Problem dar. Die Folgeerscheinungen haben Auswirkungen auf famili\u00e4re Beziehungsstrukturen, die Erwerbssituation, den biographischen Verlauf von Frauenleben und sie wirken sich auch, je nach Schwere der Gewalt, auf die Folgegenerationen aus.[\/vc_column_text][\/vc_column][\/vc_row][vc_row type=&#8221;in_container&#8221; full_screen_row_position=&#8221;middle&#8221; column_margin=&#8221;default&#8221; column_direction=&#8221;default&#8221; column_direction_tablet=&#8221;default&#8221; column_direction_phone=&#8221;default&#8221; scene_position=&#8221;center&#8221; text_color=&#8221;dark&#8221; text_align=&#8221;left&#8221; row_border_radius=&#8221;none&#8221; row_border_radius_applies=&#8221;bg&#8221; overlay_strength=&#8221;0.3&#8243; gradient_direction=&#8221;left_to_right&#8221; shape_divider_position=&#8221;bottom&#8221; bg_image_animation=&#8221;none&#8221;][vc_column column_padding=&#8221;no-extra-padding&#8221; column_padding_tablet=&#8221;inherit&#8221; column_padding_phone=&#8221;inherit&#8221; column_padding_position=&#8221;all&#8221; column_element_spacing=&#8221;default&#8221; background_color_opacity=&#8221;1&#8243; background_hover_color_opacity=&#8221;1&#8243; column_shadow=&#8221;none&#8221; column_border_radius=&#8221;none&#8221; column_link_target=&#8221;_self&#8221; gradient_direction=&#8221;left_to_right&#8221; overlay_strength=&#8221;0.3&#8243; width=&#8221;1\/1&#8243; tablet_width_inherit=&#8221;default&#8221; tablet_text_alignment=&#8221;default&#8221; phone_text_alignment=&#8221;default&#8221; bg_image_animation=&#8221;none&#8221; border_type=&#8221;simple&#8221; column_border_width=&#8221;none&#8221; column_border_style=&#8221;solid&#8221;][nectar_global_section id=&#8221;917&#8243;][\/vc_column][\/vc_row]\n","protected":false},"excerpt":{"rendered":"<p>[vc_row type=&#8221;full_width_background&#8221; full_screen_row_position=&#8221;middle&#8221; column_margin=&#8221;default&#8221; equal_height=&#8221;yes&#8221; content_placement=&#8221;middle&#8221; column_direction=&#8221;default&#8221; column_direction_tablet=&#8221;default&#8221; column_direction_phone=&#8221;default&#8221; bg_color=&#8221;rgba(124,203,183,0.38)&#8221; scene_position=&#8221;center&#8221; top_padding=&#8221;7%&#8221; bottom_padding=&#8221;5%&#8221; text_color=&#8221;dark&#8221; text_align=&#8221;left&#8221; row_border_radius=&#8221;none&#8221; row_border_radius_applies=&#8221;bg&#8221; id=&#8221;amenities&#8221; overlay_strength=&#8221;1&#8243; gradient_direction=&#8221;top_to_bottom&#8221;&#8230;<\/p>\n","protected":false},"author":1,"featured_media":0,"parent":2351,"menu_order":0,"comment_status":"closed","ping_status":"closed","template":"","meta":{"inline_featured_image":false,"footnotes":""},"class_list":["post-2368","page","type-page","status-publish"],"yoast_head":"<!-- This site is optimized with the Yoast SEO plugin v27.6 - https:\/\/yoast.com\/product\/yoast-seo-wordpress\/ -->\n<title>Allgemein - Frauenberatungsstelle und Frauennotruf Salzburg<\/title>\n<meta name=\"robots\" content=\"index, follow, max-snippet:-1, max-image-preview:large, max-video-preview:-1\" \/>\n<link rel=\"canonical\" href=\"https:\/\/www.frauennotruf-salzburg.at\/de_LS\/info\/sexualisierte-gewalt\/erste-hilfe\/\" \/>\n<meta property=\"og:locale\" content=\"de_DE\" \/>\n<meta property=\"og:type\" content=\"article\" \/>\n<meta property=\"og:title\" content=\"Allgemein - Frauenberatungsstelle und Frauennotruf Salzburg\" \/>\n<meta property=\"og:description\" content=\"[vc_row type=&#8221;full_width_background&#8221; full_screen_row_position=&#8221;middle&#8221; column_margin=&#8221;default&#8221; equal_height=&#8221;yes&#8221; content_placement=&#8221;middle&#8221; column_direction=&#8221;default&#8221; column_direction_tablet=&#8221;default&#8221; column_direction_phone=&#8221;default&#8221; bg_color=&#8221;rgba(124,203,183,0.38)&#8221; scene_position=&#8221;center&#8221; top_padding=&#8221;7%&#8221; bottom_padding=&#8221;5%&#8221; text_color=&#8221;dark&#8221; text_align=&#8221;left&#8221; row_border_radius=&#8221;none&#8221; row_border_radius_applies=&#8221;bg&#8221; id=&#8221;amenities&#8221; overlay_strength=&#8221;1&#8243; gradient_direction=&#8221;top_to_bottom&#8221;...\" \/>\n<meta property=\"og:url\" content=\"https:\/\/www.frauennotruf-salzburg.at\/de_LS\/info\/sexualisierte-gewalt\/erste-hilfe\/\" \/>\n<meta property=\"og:site_name\" content=\"Frauenberatungsstelle und Frauennotruf Salzburg\" \/>\n<meta name=\"twitter:card\" content=\"summary_large_image\" \/>\n<meta name=\"twitter:label1\" content=\"Est. reading time\" \/>\n\t<meta name=\"twitter:data1\" content=\"3 minutes\" \/>\n<script type=\"application\/ld+json\" class=\"yoast-schema-graph\">{\"@context\":\"https:\\\/\\\/schema.org\",\"@graph\":[{\"@type\":\"WebPage\",\"@id\":\"https:\\\/\\\/www.frauennotruf-salzburg.at\\\/de_LS\\\/info\\\/sexualisierte-gewalt\\\/erste-hilfe\\\/\",\"url\":\"https:\\\/\\\/www.frauennotruf-salzburg.at\\\/de_LS\\\/info\\\/sexualisierte-gewalt\\\/erste-hilfe\\\/\",\"name\":\"Allgemein - Frauenberatungsstelle und Frauennotruf Salzburg\",\"isPartOf\":{\"@id\":\"https:\\\/\\\/www.frauennotruf-salzburg.at\\\/de_LS\\\/#website\"},\"datePublished\":\"2021-02-10T15:33:28+00:00\",\"breadcrumb\":{\"@id\":\"https:\\\/\\\/www.frauennotruf-salzburg.at\\\/de_LS\\\/info\\\/sexualisierte-gewalt\\\/erste-hilfe\\\/#breadcrumb\"},\"inLanguage\":\"de-LS\",\"potentialAction\":[{\"@type\":\"ReadAction\",\"target\":[\"https:\\\/\\\/www.frauennotruf-salzburg.at\\\/de_LS\\\/info\\\/sexualisierte-gewalt\\\/erste-hilfe\\\/\"]}]},{\"@type\":\"BreadcrumbList\",\"@id\":\"https:\\\/\\\/www.frauennotruf-salzburg.at\\\/de_LS\\\/info\\\/sexualisierte-gewalt\\\/erste-hilfe\\\/#breadcrumb\",\"itemListElement\":[{\"@type\":\"ListItem\",\"position\":1,\"name\":\"Startseite\",\"item\":\"https:\\\/\\\/www.frauennotruf-salzburg.at\\\/de_LS\\\/\"},{\"@type\":\"ListItem\",\"position\":2,\"name\":\"Info\",\"item\":\"https:\\\/\\\/www.frauennotruf-salzburg.at\\\/de_LS\\\/info\\\/\"},{\"@type\":\"ListItem\",\"position\":3,\"name\":\"Sexualisierte Gewalt\",\"item\":\"https:\\\/\\\/www.frauennotruf-salzburg.at\\\/de_LS\\\/info\\\/sexualisierte-gewalt\\\/\"},{\"@type\":\"ListItem\",\"position\":4,\"name\":\"Allgemein\"}]},{\"@type\":\"WebSite\",\"@id\":\"https:\\\/\\\/www.frauennotruf-salzburg.at\\\/de_LS\\\/#website\",\"url\":\"https:\\\/\\\/www.frauennotruf-salzburg.at\\\/de_LS\\\/\",\"name\":\"Frauenberatungsstelle und Frauennotruf Salzburg\",\"description\":\"Beratung bei sexueller Gewalt und Missbrauch\",\"publisher\":{\"@id\":\"https:\\\/\\\/www.frauennotruf-salzburg.at\\\/de_LS\\\/#organization\"},\"potentialAction\":[{\"@type\":\"SearchAction\",\"target\":{\"@type\":\"EntryPoint\",\"urlTemplate\":\"https:\\\/\\\/www.frauennotruf-salzburg.at\\\/de_LS\\\/?s={search_term_string}\"},\"query-input\":{\"@type\":\"PropertyValueSpecification\",\"valueRequired\":true,\"valueName\":\"search_term_string\"}}],\"inLanguage\":\"de-LS\"},{\"@type\":\"Organization\",\"@id\":\"https:\\\/\\\/www.frauennotruf-salzburg.at\\\/de_LS\\\/#organization\",\"name\":\"Frauenberatungsstelle und Frauennotruf Salzburg\",\"url\":\"https:\\\/\\\/www.frauennotruf-salzburg.at\\\/de_LS\\\/\",\"logo\":{\"@type\":\"ImageObject\",\"inLanguage\":\"de-LS\",\"@id\":\"https:\\\/\\\/www.frauennotruf-salzburg.at\\\/de_LS\\\/#\\\/schema\\\/logo\\\/image\\\/\",\"url\":\"https:\\\/\\\/www.frauennotruf-salzburg.at\\\/wp-content\\\/uploads\\\/2022\\\/10\\\/FBS_Logo.svg\",\"contentUrl\":\"https:\\\/\\\/www.frauennotruf-salzburg.at\\\/wp-content\\\/uploads\\\/2022\\\/10\\\/FBS_Logo.svg\",\"width\":\"1024\",\"height\":\"1024\",\"caption\":\"Frauenberatungsstelle und Frauennotruf Salzburg\"},\"image\":{\"@id\":\"https:\\\/\\\/www.frauennotruf-salzburg.at\\\/de_LS\\\/#\\\/schema\\\/logo\\\/image\\\/\"}}]}<\/script>\n<!-- \/ Yoast SEO plugin. -->","yoast_head_json":{"title":"Allgemein - Frauenberatungsstelle und Frauennotruf Salzburg","robots":{"index":"index","follow":"follow","max-snippet":"max-snippet:-1","max-image-preview":"max-image-preview:large","max-video-preview":"max-video-preview:-1"},"canonical":"https:\/\/www.frauennotruf-salzburg.at\/de_LS\/info\/sexualisierte-gewalt\/erste-hilfe\/","og_locale":"de_DE","og_type":"article","og_title":"Allgemein - Frauenberatungsstelle und Frauennotruf Salzburg","og_description":"[vc_row type=&#8221;full_width_background&#8221; full_screen_row_position=&#8221;middle&#8221; column_margin=&#8221;default&#8221; equal_height=&#8221;yes&#8221; content_placement=&#8221;middle&#8221; column_direction=&#8221;default&#8221; column_direction_tablet=&#8221;default&#8221; column_direction_phone=&#8221;default&#8221; bg_color=&#8221;rgba(124,203,183,0.38)&#8221; scene_position=&#8221;center&#8221; top_padding=&#8221;7%&#8221; bottom_padding=&#8221;5%&#8221; text_color=&#8221;dark&#8221; text_align=&#8221;left&#8221; row_border_radius=&#8221;none&#8221; row_border_radius_applies=&#8221;bg&#8221; id=&#8221;amenities&#8221; overlay_strength=&#8221;1&#8243; gradient_direction=&#8221;top_to_bottom&#8221;...","og_url":"https:\/\/www.frauennotruf-salzburg.at\/de_LS\/info\/sexualisierte-gewalt\/erste-hilfe\/","og_site_name":"Frauenberatungsstelle und Frauennotruf Salzburg","twitter_card":"summary_large_image","twitter_misc":{"Est. reading time":"3 minutes"},"schema":{"@context":"https:\/\/schema.org","@graph":[{"@type":"WebPage","@id":"https:\/\/www.frauennotruf-salzburg.at\/de_LS\/info\/sexualisierte-gewalt\/erste-hilfe\/","url":"https:\/\/www.frauennotruf-salzburg.at\/de_LS\/info\/sexualisierte-gewalt\/erste-hilfe\/","name":"Allgemein - Frauenberatungsstelle und Frauennotruf Salzburg","isPartOf":{"@id":"https:\/\/www.frauennotruf-salzburg.at\/de_LS\/#website"},"datePublished":"2021-02-10T15:33:28+00:00","breadcrumb":{"@id":"https:\/\/www.frauennotruf-salzburg.at\/de_LS\/info\/sexualisierte-gewalt\/erste-hilfe\/#breadcrumb"},"inLanguage":"de-LS","potentialAction":[{"@type":"ReadAction","target":["https:\/\/www.frauennotruf-salzburg.at\/de_LS\/info\/sexualisierte-gewalt\/erste-hilfe\/"]}]},{"@type":"BreadcrumbList","@id":"https:\/\/www.frauennotruf-salzburg.at\/de_LS\/info\/sexualisierte-gewalt\/erste-hilfe\/#breadcrumb","itemListElement":[{"@type":"ListItem","position":1,"name":"Startseite","item":"https:\/\/www.frauennotruf-salzburg.at\/de_LS\/"},{"@type":"ListItem","position":2,"name":"Info","item":"https:\/\/www.frauennotruf-salzburg.at\/de_LS\/info\/"},{"@type":"ListItem","position":3,"name":"Sexualisierte Gewalt","item":"https:\/\/www.frauennotruf-salzburg.at\/de_LS\/info\/sexualisierte-gewalt\/"},{"@type":"ListItem","position":4,"name":"Allgemein"}]},{"@type":"WebSite","@id":"https:\/\/www.frauennotruf-salzburg.at\/de_LS\/#website","url":"https:\/\/www.frauennotruf-salzburg.at\/de_LS\/","name":"Frauenberatungsstelle und Frauennotruf Salzburg","description":"Beratung bei sexueller Gewalt und Missbrauch","publisher":{"@id":"https:\/\/www.frauennotruf-salzburg.at\/de_LS\/#organization"},"potentialAction":[{"@type":"SearchAction","target":{"@type":"EntryPoint","urlTemplate":"https:\/\/www.frauennotruf-salzburg.at\/de_LS\/?s={search_term_string}"},"query-input":{"@type":"PropertyValueSpecification","valueRequired":true,"valueName":"search_term_string"}}],"inLanguage":"de-LS"},{"@type":"Organization","@id":"https:\/\/www.frauennotruf-salzburg.at\/de_LS\/#organization","name":"Frauenberatungsstelle und Frauennotruf Salzburg","url":"https:\/\/www.frauennotruf-salzburg.at\/de_LS\/","logo":{"@type":"ImageObject","inLanguage":"de-LS","@id":"https:\/\/www.frauennotruf-salzburg.at\/de_LS\/#\/schema\/logo\/image\/","url":"https:\/\/www.frauennotruf-salzburg.at\/wp-content\/uploads\/2022\/10\/FBS_Logo.svg","contentUrl":"https:\/\/www.frauennotruf-salzburg.at\/wp-content\/uploads\/2022\/10\/FBS_Logo.svg","width":"1024","height":"1024","caption":"Frauenberatungsstelle und Frauennotruf Salzburg"},"image":{"@id":"https:\/\/www.frauennotruf-salzburg.at\/de_LS\/#\/schema\/logo\/image\/"}}]}},"_links":{"self":[{"href":"https:\/\/www.frauennotruf-salzburg.at\/de_LS\/wp-json\/wp\/v2\/pages\/2368","targetHints":{"allow":["GET"]}}],"collection":[{"href":"https:\/\/www.frauennotruf-salzburg.at\/de_LS\/wp-json\/wp\/v2\/pages"}],"about":[{"href":"https:\/\/www.frauennotruf-salzburg.at\/de_LS\/wp-json\/wp\/v2\/types\/page"}],"author":[{"embeddable":true,"href":"https:\/\/www.frauennotruf-salzburg.at\/de_LS\/wp-json\/wp\/v2\/users\/1"}],"replies":[{"embeddable":true,"href":"https:\/\/www.frauennotruf-salzburg.at\/de_LS\/wp-json\/wp\/v2\/comments?post=2368"}],"version-history":[{"count":0,"href":"https:\/\/www.frauennotruf-salzburg.at\/de_LS\/wp-json\/wp\/v2\/pages\/2368\/revisions"}],"up":[{"embeddable":true,"href":"https:\/\/www.frauennotruf-salzburg.at\/de_LS\/wp-json\/wp\/v2\/pages\/2351"}],"wp:attachment":[{"href":"https:\/\/www.frauennotruf-salzburg.at\/de_LS\/wp-json\/wp\/v2\/media?parent=2368"}],"curies":[{"name":"wp","href":"https:\/\/api.w.org\/{rel}","templated":true}]}}