{"id":2763,"date":"2026-03-07T22:04:23","date_gmt":"2026-03-07T21:04:23","guid":{"rendered":"https:\/\/www.frauennotruf-salzburg.at\/?page_id=2763"},"modified":"2026-03-07T22:04:23","modified_gmt":"2026-03-07T21:04:23","slug":"sexualisierte-gewalt-2","status":"publish","type":"page","link":"https:\/\/www.frauennotruf-salzburg.at\/de_LS\/info\/sexualisierte-gewalt-2\/","title":{"rendered":"Sexualisierte Gewalt"},"content":{"rendered":"[vc_row type=&#8221;full_width_background&#8221; full_screen_row_position=&#8221;middle&#8221; column_margin=&#8221;default&#8221; equal_height=&#8221;yes&#8221; content_placement=&#8221;middle&#8221; column_direction=&#8221;default&#8221; column_direction_tablet=&#8221;default&#8221; column_direction_phone=&#8221;default&#8221; bg_color=&#8221;rgba(124,203,183,0.38)&#8221; scene_position=&#8221;center&#8221; top_padding=&#8221;7%&#8221; text_color=&#8221;dark&#8221; text_align=&#8221;left&#8221; row_border_radius=&#8221;none&#8221; row_border_radius_applies=&#8221;bg&#8221; overlay_strength=&#8221;1&#8243; gradient_direction=&#8221;top_to_bottom&#8221; shape_divider_color=&#8221;#f4f4f4&#8243; shape_divider_position=&#8221;bottom&#8221; shape_divider_height=&#8221;40%&#8221; bg_image_animation=&#8221;none&#8221; shape_type=&#8221;curve_opacity&#8221;][vc_column column_padding=&#8221;no-extra-padding&#8221; column_padding_tablet=&#8221;inherit&#8221; column_padding_phone=&#8221;inherit&#8221; column_padding_position=&#8221;right&#8221; column_element_spacing=&#8221;default&#8221; background_color_opacity=&#8221;1&#8243; background_hover_color_opacity=&#8221;1&#8243; column_shadow=&#8221;none&#8221; column_border_radius=&#8221;none&#8221; column_link_target=&#8221;_self&#8221; gradient_direction=&#8221;left_to_right&#8221; overlay_strength=&#8221;0.3&#8243; width=&#8221;3\/4&#8243; tablet_width_inherit=&#8221;default&#8221; tablet_text_alignment=&#8221;default&#8221; phone_text_alignment=&#8221;default&#8221; bg_image_animation=&#8221;none&#8221; border_type=&#8221;simple&#8221; column_border_width=&#8221;none&#8221; column_border_style=&#8221;solid&#8221;][vc_column_text]\n<h1>Was ist sexualisierte Gewalt<\/h1>\n[\/vc_column_text][vc_column_text]\n<h2>Allgemein<\/h2>\n<p>Sexualisierte Gewalt gegen M\u00e4dchen und Frauen ist ein gesellschaftliches Problem.<br \/>\nDas heisst,<br \/>\nDas Problem kommt auf der ganzen Welt vor.<br \/>\nSexualisierte Gewalt kann \u00fcberall passieren.<br \/>\nZum Beispiel<\/p>\n<ul>\n<li>auf der Stra\u00dfe.<br \/>\nin der Arbeit.<br \/>\nbeim Sport.<br \/>\nim Internet.<br \/>\nin einer Bar oder Disco.<br \/>\nin einer fremden Wohnung.<br \/>\noder zu Hause.<\/li>\n<\/ul>\n<p>&nbsp;<\/p>\n<h2>Was ist sexualisierte Gewalt gegen M\u00e4dchen und Frauen?<\/h2>\n<ul>\n<li>unangenehme Blicke<br \/>\nfrauen\u00b7feindliche Aussagen<br \/>\nsexualisierte Andeutungen<br \/>\nungewollte Ber\u00fchrungen<br \/>\nungewollte K\u00fcsse<br \/>\nzu Sex zwingen<br \/>\nVergewaltigung<\/li>\n<\/ul>\n<p>Sexualisierte Gewalt ist eine schwere Verletzung des K\u00f6rpers und der Seele.<br \/>\nJeder Mensch hat Grenzen.<br \/>\nDiese Grenzen muss man beachten.<br \/>\nWenn man sexualisierte Gewalt erlebt,<br \/>\nwerden die Grenzen nicht ernst genommen.<br \/>\nSexualisierte Gewalt verletzt die sexuelle Selbst\u00b7bestimmung.<br \/>\nJedes M\u00e4dchen und jede Frau hat das Recht auf sexuelle Selbst\u00b7bestimmung.<br \/>\nDas heisst,<br \/>\nJedes M\u00e4dchen und jede Frau hat das Recht,<br \/>\nselbst \u00fcber ihr Leben,<br \/>\nihre Sexualit\u00e4t<br \/>\nund ihren K\u00f6rper zu entscheiden.<br \/>\nWichtig ist,<br \/>\negal was das Umfeld sagt,<br \/>\ndie Schuld f\u00fcr den \u00dcbergriff liegt niemals bei dem M\u00e4dchen oder der Frau.<br \/>\nDie Schuld ist immer beim T\u00e4ter.[\/vc_column_text][\/vc_column][vc_column column_padding=&#8221;no-extra-padding&#8221; column_padding_tablet=&#8221;inherit&#8221; column_padding_phone=&#8221;inherit&#8221; column_padding_position=&#8221;all&#8221; column_element_spacing=&#8221;default&#8221; background_color_opacity=&#8221;1&#8243; background_hover_color_opacity=&#8221;1&#8243; column_shadow=&#8221;none&#8221; column_border_radius=&#8221;none&#8221; column_link_target=&#8221;_self&#8221; gradient_direction=&#8221;left_to_right&#8221; overlay_strength=&#8221;0.3&#8243; width=&#8221;1\/4&#8243; tablet_width_inherit=&#8221;default&#8221; tablet_text_alignment=&#8221;default&#8221; phone_text_alignment=&#8221;default&#8221; bg_image_animation=&#8221;none&#8221; border_type=&#8221;simple&#8221; column_border_width=&#8221;none&#8221; column_border_style=&#8221;solid&#8221;][image_with_animation image_url=&#8221;1856&#8243; animation=&#8221;None&#8221; hover_animation=&#8221;none&#8221; alignment=&#8221;&#8221; border_radius=&#8221;none&#8221; box_shadow=&#8221;none&#8221; image_loading=&#8221;default&#8221; max_width=&#8221;100%&#8221; max_width_mobile=&#8221;default&#8221;][image_with_animation image_url=&#8221;1850&#8243; animation=&#8221;None&#8221; hover_animation=&#8221;none&#8221; alignment=&#8221;&#8221; border_radius=&#8221;none&#8221; box_shadow=&#8221;none&#8221; image_loading=&#8221;default&#8221; max_width=&#8221;100%&#8221; max_width_mobile=&#8221;default&#8221;][vc_row_inner column_margin=&#8221;default&#8221; column_direction=&#8221;default&#8221; column_direction_tablet=&#8221;default&#8221; column_direction_phone=&#8221;default&#8221; top_padding=&#8221;7%&#8221; text_align=&#8221;left&#8221;][vc_column_inner column_padding=&#8221;no-extra-padding&#8221; column_padding_tablet=&#8221;inherit&#8221; column_padding_phone=&#8221;inherit&#8221; column_padding_position=&#8221;all&#8221; top_margin=&#8221;7%&#8221; column_element_spacing=&#8221;default&#8221; background_color_opacity=&#8221;1&#8243; background_hover_color_opacity=&#8221;1&#8243; column_shadow=&#8221;none&#8221; column_border_radius=&#8221;none&#8221; column_link_target=&#8221;_self&#8221; gradient_direction=&#8221;left_to_right&#8221; overlay_strength=&#8221;0.3&#8243; width=&#8221;1\/1&#8243; tablet_width_inherit=&#8221;default&#8221; bg_image_animation=&#8221;none&#8221; border_type=&#8221;simple&#8221; column_border_width=&#8221;none&#8221; column_border_style=&#8221;solid&#8221;][divider line_type=&#8221;No Line&#8221; custom_height=&#8221;50&#8243;][\/vc_column_inner][\/vc_row_inner][\/vc_column][\/vc_row][vc_row type=&#8221;full_width_background&#8221; full_screen_row_position=&#8221;middle&#8221; column_margin=&#8221;default&#8221; equal_height=&#8221;yes&#8221; content_placement=&#8221;middle&#8221; column_direction=&#8221;default&#8221; column_direction_tablet=&#8221;default&#8221; column_direction_phone=&#8221;default&#8221; bg_color=&#8221;rgba(124,203,183,0.38)&#8221; scene_position=&#8221;center&#8221; bottom_padding=&#8221;5%&#8221; text_color=&#8221;dark&#8221; text_align=&#8221;left&#8221; row_border_radius=&#8221;none&#8221; row_border_radius_applies=&#8221;bg&#8221; overlay_strength=&#8221;1&#8243; gradient_direction=&#8221;top_to_bottom&#8221; shape_divider_color=&#8221;#f4f4f4&#8243; shape_divider_position=&#8221;bottom&#8221; shape_divider_height=&#8221;40%&#8221; bg_image_animation=&#8221;none&#8221; shape_type=&#8221;curve_opacity&#8221;][vc_column column_padding=&#8221;no-extra-padding&#8221; column_padding_tablet=&#8221;inherit&#8221; column_padding_phone=&#8221;inherit&#8221; column_padding_position=&#8221;right&#8221; column_element_spacing=&#8221;default&#8221; background_color_opacity=&#8221;1&#8243; background_hover_color_opacity=&#8221;1&#8243; column_shadow=&#8221;none&#8221; column_border_radius=&#8221;none&#8221; column_link_target=&#8221;_self&#8221; gradient_direction=&#8221;left_to_right&#8221; overlay_strength=&#8221;0.3&#8243; width=&#8221;1\/1&#8243; tablet_width_inherit=&#8221;default&#8221; tablet_text_alignment=&#8221;default&#8221; phone_text_alignment=&#8221;default&#8221; bg_image_animation=&#8221;none&#8221; border_type=&#8221;simple&#8221; column_border_width=&#8221;none&#8221; column_border_style=&#8221;solid&#8221;][\/vc_column][\/vc_row][vc_row type=&#8221;in_container&#8221; full_screen_row_position=&#8221;middle&#8221; column_margin=&#8221;default&#8221; column_direction=&#8221;default&#8221; column_direction_tablet=&#8221;default&#8221; column_direction_phone=&#8221;default&#8221; scene_position=&#8221;center&#8221; text_color=&#8221;dark&#8221; text_align=&#8221;left&#8221; row_border_radius=&#8221;none&#8221; row_border_radius_applies=&#8221;bg&#8221; overlay_strength=&#8221;0.3&#8243; gradient_direction=&#8221;left_to_right&#8221; shape_divider_position=&#8221;bottom&#8221; bg_image_animation=&#8221;none&#8221;][vc_column column_padding=&#8221;no-extra-padding&#8221; column_padding_tablet=&#8221;inherit&#8221; column_padding_phone=&#8221;inherit&#8221; column_padding_position=&#8221;all&#8221; column_element_spacing=&#8221;default&#8221; background_color_opacity=&#8221;1&#8243; background_hover_color_opacity=&#8221;1&#8243; column_shadow=&#8221;none&#8221; column_border_radius=&#8221;none&#8221; column_link_target=&#8221;_self&#8221; gradient_direction=&#8221;left_to_right&#8221; overlay_strength=&#8221;0.3&#8243; width=&#8221;1\/1&#8243; tablet_width_inherit=&#8221;default&#8221; tablet_text_alignment=&#8221;default&#8221; phone_text_alignment=&#8221;default&#8221; bg_image_animation=&#8221;none&#8221; border_type=&#8221;simple&#8221; column_border_width=&#8221;none&#8221; column_border_style=&#8221;solid&#8221;][nectar_global_section id=&#8221;917&#8243;][\/vc_column][\/vc_row]\n","protected":false},"excerpt":{"rendered":"<p>[vc_row type=&#8221;full_width_background&#8221; full_screen_row_position=&#8221;middle&#8221; column_margin=&#8221;default&#8221; equal_height=&#8221;yes&#8221; content_placement=&#8221;middle&#8221; column_direction=&#8221;default&#8221; column_direction_tablet=&#8221;default&#8221; column_direction_phone=&#8221;default&#8221; bg_color=&#8221;rgba(124,203,183,0.38)&#8221; scene_position=&#8221;center&#8221; top_padding=&#8221;7%&#8221; text_color=&#8221;dark&#8221; text_align=&#8221;left&#8221; row_border_radius=&#8221;none&#8221; row_border_radius_applies=&#8221;bg&#8221; overlay_strength=&#8221;1&#8243; gradient_direction=&#8221;top_to_bottom&#8221; shape_divider_color=&#8221;#f4f4f4&#8243; shape_divider_position=&#8221;bottom&#8221;&#8230;<\/p>\n","protected":false},"author":4,"featured_media":0,"parent":2331,"menu_order":0,"comment_status":"closed","ping_status":"closed","template":"","meta":{"inline_featured_image":false,"footnotes":""},"class_list":["post-2763","page","type-page","status-publish"],"yoast_head":"<!-- This site is optimized with the Yoast SEO plugin v27.4 - https:\/\/yoast.com\/product\/yoast-seo-wordpress\/ -->\n<title>Sexualisierte Gewalt - Frauenberatungsstelle und Frauennotruf Salzburg<\/title>\n<meta name=\"robots\" content=\"index, follow, max-snippet:-1, max-image-preview:large, max-video-preview:-1\" \/>\n<link rel=\"canonical\" href=\"https:\/\/www.frauennotruf-salzburg.at\/de_LS\/info\/sexualisierte-gewalt-2\/\" \/>\n<meta property=\"og:locale\" content=\"de_DE\" \/>\n<meta property=\"og:type\" content=\"article\" \/>\n<meta property=\"og:title\" content=\"Sexualisierte Gewalt - Frauenberatungsstelle und Frauennotruf Salzburg\" \/>\n<meta property=\"og:description\" content=\"[vc_row type=&#8221;full_width_background&#8221; full_screen_row_position=&#8221;middle&#8221; column_margin=&#8221;default&#8221; equal_height=&#8221;yes&#8221; content_placement=&#8221;middle&#8221; column_direction=&#8221;default&#8221; column_direction_tablet=&#8221;default&#8221; column_direction_phone=&#8221;default&#8221; bg_color=&#8221;rgba(124,203,183,0.38)&#8221; scene_position=&#8221;center&#8221; top_padding=&#8221;7%&#8221; text_color=&#8221;dark&#8221; text_align=&#8221;left&#8221; row_border_radius=&#8221;none&#8221; row_border_radius_applies=&#8221;bg&#8221; overlay_strength=&#8221;1&#8243; gradient_direction=&#8221;top_to_bottom&#8221; shape_divider_color=&#8221;#f4f4f4&#8243; shape_divider_position=&#8221;bottom&#8221;...\" \/>\n<meta property=\"og:url\" content=\"https:\/\/www.frauennotruf-salzburg.at\/de_LS\/info\/sexualisierte-gewalt-2\/\" \/>\n<meta property=\"og:site_name\" content=\"Frauenberatungsstelle und Frauennotruf Salzburg\" \/>\n<meta name=\"twitter:card\" content=\"summary_large_image\" \/>\n<meta name=\"twitter:label1\" content=\"Est. reading time\" \/>\n\t<meta name=\"twitter:data1\" content=\"2 minutes\" \/>\n<script type=\"application\/ld+json\" class=\"yoast-schema-graph\">{\"@context\":\"https:\\\/\\\/schema.org\",\"@graph\":[{\"@type\":\"WebPage\",\"@id\":\"https:\\\/\\\/www.frauennotruf-salzburg.at\\\/de_LS\\\/info\\\/sexualisierte-gewalt-2\\\/\",\"url\":\"https:\\\/\\\/www.frauennotruf-salzburg.at\\\/de_LS\\\/info\\\/sexualisierte-gewalt-2\\\/\",\"name\":\"Sexualisierte Gewalt - Frauenberatungsstelle und Frauennotruf Salzburg\",\"isPartOf\":{\"@id\":\"https:\\\/\\\/www.frauennotruf-salzburg.at\\\/de_LS\\\/#website\"},\"datePublished\":\"2026-03-07T21:04:23+00:00\",\"breadcrumb\":{\"@id\":\"https:\\\/\\\/www.frauennotruf-salzburg.at\\\/de_LS\\\/info\\\/sexualisierte-gewalt-2\\\/#breadcrumb\"},\"inLanguage\":\"de-LS\",\"potentialAction\":[{\"@type\":\"ReadAction\",\"target\":[\"https:\\\/\\\/www.frauennotruf-salzburg.at\\\/de_LS\\\/info\\\/sexualisierte-gewalt-2\\\/\"]}]},{\"@type\":\"BreadcrumbList\",\"@id\":\"https:\\\/\\\/www.frauennotruf-salzburg.at\\\/de_LS\\\/info\\\/sexualisierte-gewalt-2\\\/#breadcrumb\",\"itemListElement\":[{\"@type\":\"ListItem\",\"position\":1,\"name\":\"Startseite\",\"item\":\"https:\\\/\\\/www.frauennotruf-salzburg.at\\\/de_LS\\\/\"},{\"@type\":\"ListItem\",\"position\":2,\"name\":\"Info\",\"item\":\"https:\\\/\\\/www.frauennotruf-salzburg.at\\\/de_LS\\\/info\\\/\"},{\"@type\":\"ListItem\",\"position\":3,\"name\":\"Sexualisierte Gewalt\"}]},{\"@type\":\"WebSite\",\"@id\":\"https:\\\/\\\/www.frauennotruf-salzburg.at\\\/de_LS\\\/#website\",\"url\":\"https:\\\/\\\/www.frauennotruf-salzburg.at\\\/de_LS\\\/\",\"name\":\"Frauenberatungsstelle und Frauennotruf Salzburg\",\"description\":\"Beratung bei sexueller Gewalt und Missbrauch\",\"publisher\":{\"@id\":\"https:\\\/\\\/www.frauennotruf-salzburg.at\\\/de_LS\\\/#organization\"},\"potentialAction\":[{\"@type\":\"SearchAction\",\"target\":{\"@type\":\"EntryPoint\",\"urlTemplate\":\"https:\\\/\\\/www.frauennotruf-salzburg.at\\\/de_LS\\\/?s={search_term_string}\"},\"query-input\":{\"@type\":\"PropertyValueSpecification\",\"valueRequired\":true,\"valueName\":\"search_term_string\"}}],\"inLanguage\":\"de-LS\"},{\"@type\":\"Organization\",\"@id\":\"https:\\\/\\\/www.frauennotruf-salzburg.at\\\/de_LS\\\/#organization\",\"name\":\"Frauenberatungsstelle und Frauennotruf Salzburg\",\"url\":\"https:\\\/\\\/www.frauennotruf-salzburg.at\\\/de_LS\\\/\",\"logo\":{\"@type\":\"ImageObject\",\"inLanguage\":\"de-LS\",\"@id\":\"https:\\\/\\\/www.frauennotruf-salzburg.at\\\/de_LS\\\/#\\\/schema\\\/logo\\\/image\\\/\",\"url\":\"https:\\\/\\\/www.frauennotruf-salzburg.at\\\/wp-content\\\/uploads\\\/2022\\\/10\\\/FBS_Logo.svg\",\"contentUrl\":\"https:\\\/\\\/www.frauennotruf-salzburg.at\\\/wp-content\\\/uploads\\\/2022\\\/10\\\/FBS_Logo.svg\",\"width\":\"1024\",\"height\":\"1024\",\"caption\":\"Frauenberatungsstelle und Frauennotruf Salzburg\"},\"image\":{\"@id\":\"https:\\\/\\\/www.frauennotruf-salzburg.at\\\/de_LS\\\/#\\\/schema\\\/logo\\\/image\\\/\"}}]}<\/script>\n<!-- \/ Yoast SEO plugin. -->","yoast_head_json":{"title":"Sexualisierte Gewalt - Frauenberatungsstelle und Frauennotruf Salzburg","robots":{"index":"index","follow":"follow","max-snippet":"max-snippet:-1","max-image-preview":"max-image-preview:large","max-video-preview":"max-video-preview:-1"},"canonical":"https:\/\/www.frauennotruf-salzburg.at\/de_LS\/info\/sexualisierte-gewalt-2\/","og_locale":"de_DE","og_type":"article","og_title":"Sexualisierte Gewalt - Frauenberatungsstelle und Frauennotruf Salzburg","og_description":"[vc_row type=&#8221;full_width_background&#8221; full_screen_row_position=&#8221;middle&#8221; column_margin=&#8221;default&#8221; equal_height=&#8221;yes&#8221; content_placement=&#8221;middle&#8221; column_direction=&#8221;default&#8221; column_direction_tablet=&#8221;default&#8221; column_direction_phone=&#8221;default&#8221; bg_color=&#8221;rgba(124,203,183,0.38)&#8221; scene_position=&#8221;center&#8221; top_padding=&#8221;7%&#8221; text_color=&#8221;dark&#8221; text_align=&#8221;left&#8221; row_border_radius=&#8221;none&#8221; row_border_radius_applies=&#8221;bg&#8221; overlay_strength=&#8221;1&#8243; gradient_direction=&#8221;top_to_bottom&#8221; shape_divider_color=&#8221;#f4f4f4&#8243; shape_divider_position=&#8221;bottom&#8221;...","og_url":"https:\/\/www.frauennotruf-salzburg.at\/de_LS\/info\/sexualisierte-gewalt-2\/","og_site_name":"Frauenberatungsstelle und Frauennotruf Salzburg","twitter_card":"summary_large_image","twitter_misc":{"Est. reading time":"2 minutes"},"schema":{"@context":"https:\/\/schema.org","@graph":[{"@type":"WebPage","@id":"https:\/\/www.frauennotruf-salzburg.at\/de_LS\/info\/sexualisierte-gewalt-2\/","url":"https:\/\/www.frauennotruf-salzburg.at\/de_LS\/info\/sexualisierte-gewalt-2\/","name":"Sexualisierte Gewalt - Frauenberatungsstelle und Frauennotruf Salzburg","isPartOf":{"@id":"https:\/\/www.frauennotruf-salzburg.at\/de_LS\/#website"},"datePublished":"2026-03-07T21:04:23+00:00","breadcrumb":{"@id":"https:\/\/www.frauennotruf-salzburg.at\/de_LS\/info\/sexualisierte-gewalt-2\/#breadcrumb"},"inLanguage":"de-LS","potentialAction":[{"@type":"ReadAction","target":["https:\/\/www.frauennotruf-salzburg.at\/de_LS\/info\/sexualisierte-gewalt-2\/"]}]},{"@type":"BreadcrumbList","@id":"https:\/\/www.frauennotruf-salzburg.at\/de_LS\/info\/sexualisierte-gewalt-2\/#breadcrumb","itemListElement":[{"@type":"ListItem","position":1,"name":"Startseite","item":"https:\/\/www.frauennotruf-salzburg.at\/de_LS\/"},{"@type":"ListItem","position":2,"name":"Info","item":"https:\/\/www.frauennotruf-salzburg.at\/de_LS\/info\/"},{"@type":"ListItem","position":3,"name":"Sexualisierte Gewalt"}]},{"@type":"WebSite","@id":"https:\/\/www.frauennotruf-salzburg.at\/de_LS\/#website","url":"https:\/\/www.frauennotruf-salzburg.at\/de_LS\/","name":"Frauenberatungsstelle und Frauennotruf Salzburg","description":"Beratung bei sexueller Gewalt und Missbrauch","publisher":{"@id":"https:\/\/www.frauennotruf-salzburg.at\/de_LS\/#organization"},"potentialAction":[{"@type":"SearchAction","target":{"@type":"EntryPoint","urlTemplate":"https:\/\/www.frauennotruf-salzburg.at\/de_LS\/?s={search_term_string}"},"query-input":{"@type":"PropertyValueSpecification","valueRequired":true,"valueName":"search_term_string"}}],"inLanguage":"de-LS"},{"@type":"Organization","@id":"https:\/\/www.frauennotruf-salzburg.at\/de_LS\/#organization","name":"Frauenberatungsstelle und Frauennotruf Salzburg","url":"https:\/\/www.frauennotruf-salzburg.at\/de_LS\/","logo":{"@type":"ImageObject","inLanguage":"de-LS","@id":"https:\/\/www.frauennotruf-salzburg.at\/de_LS\/#\/schema\/logo\/image\/","url":"https:\/\/www.frauennotruf-salzburg.at\/wp-content\/uploads\/2022\/10\/FBS_Logo.svg","contentUrl":"https:\/\/www.frauennotruf-salzburg.at\/wp-content\/uploads\/2022\/10\/FBS_Logo.svg","width":"1024","height":"1024","caption":"Frauenberatungsstelle und Frauennotruf Salzburg"},"image":{"@id":"https:\/\/www.frauennotruf-salzburg.at\/de_LS\/#\/schema\/logo\/image\/"}}]}},"_links":{"self":[{"href":"https:\/\/www.frauennotruf-salzburg.at\/de_LS\/wp-json\/wp\/v2\/pages\/2763","targetHints":{"allow":["GET"]}}],"collection":[{"href":"https:\/\/www.frauennotruf-salzburg.at\/de_LS\/wp-json\/wp\/v2\/pages"}],"about":[{"href":"https:\/\/www.frauennotruf-salzburg.at\/de_LS\/wp-json\/wp\/v2\/types\/page"}],"author":[{"embeddable":true,"href":"https:\/\/www.frauennotruf-salzburg.at\/de_LS\/wp-json\/wp\/v2\/users\/4"}],"replies":[{"embeddable":true,"href":"https:\/\/www.frauennotruf-salzburg.at\/de_LS\/wp-json\/wp\/v2\/comments?post=2763"}],"version-history":[{"count":1,"href":"https:\/\/www.frauennotruf-salzburg.at\/de_LS\/wp-json\/wp\/v2\/pages\/2763\/revisions"}],"predecessor-version":[{"id":2764,"href":"https:\/\/www.frauennotruf-salzburg.at\/de_LS\/wp-json\/wp\/v2\/pages\/2763\/revisions\/2764"}],"up":[{"embeddable":true,"href":"https:\/\/www.frauennotruf-salzburg.at\/de_LS\/wp-json\/wp\/v2\/pages\/2331"}],"wp:attachment":[{"href":"https:\/\/www.frauennotruf-salzburg.at\/de_LS\/wp-json\/wp\/v2\/media?parent=2763"}],"curies":[{"name":"wp","href":"https:\/\/api.w.org\/{rel}","templated":true}]}}